{"id":321,"date":"2017-01-04T12:05:41","date_gmt":"2017-01-04T12:05:41","guid":{"rendered":"https:\/\/kivuresilience.org\/?page_id=321"},"modified":"2017-01-04T12:05:41","modified_gmt":"2017-01-04T12:05:41","slug":"future-students","status":"publish","type":"page","link":"https:\/\/kivuresilience.org\/?page_id=321","title":{"rendered":"Future Students"},"content":{"rendered":"<p>You can add\u00a0all sorts of information that you want to display to your future students.<\/p>\n<p>Education is the process of facilitating learning, or the acquisition of knowledge, skills, values, beliefs, and habits. Educational methods include storytelling, discussion, teaching, training, and directed research. Education frequently takes place under the guidance of educators, but learners may also educate themselves. Education can take place in formal or informal settings and any experience that has a formative effect on the way one thinks, feels, or acts may be considered educational. The methodology of teaching is called pedagogy.<\/p>\n<p>Education is commonly divided formally into such stages as preschool or kindergarten, primary school, secondary school and then college, university, or apprenticeship<\/p>\n<h2>History<\/h2>\n<div id='gallery-1' class='gallery galleryid-321 gallery-columns-3 gallery-size-thumbnail'><figure class='gallery-item'>\r\n            <div class='gallery-icon landscape'>\r\n                <a href='https:\/\/kivuresilience.org\/?attachment_id=214'><img loading=\"lazy\" decoding=\"async\" width=\"150\" height=\"150\" src=\"https:\/\/kivuresilience.org\/wp-content\/uploads\/2016\/12\/library-la-trobe-study-students-1597751-150x150.jpeg\" class=\"attachment-thumbnail size-thumbnail\" alt=\"\" aria-describedby=\"gallery-1-214\" srcset=\"https:\/\/kivuresilience.org\/wp-content\/uploads\/2016\/12\/library-la-trobe-study-students-1597751-150x150.jpeg 150w, https:\/\/kivuresilience.org\/wp-content\/uploads\/2016\/12\/library-la-trobe-study-students-1597751-246x246.jpeg 246w, https:\/\/kivuresilience.org\/wp-content\/uploads\/2016\/12\/library-la-trobe-study-students-1597751-275x275.jpeg 275w, https:\/\/kivuresilience.org\/wp-content\/uploads\/2016\/12\/library-la-trobe-study-students-1597751-70x70.jpeg 70w, https:\/\/kivuresilience.org\/wp-content\/uploads\/2016\/12\/library-la-trobe-study-students-1597751-276x276.jpeg 276w, https:\/\/kivuresilience.org\/wp-content\/uploads\/2016\/12\/library-la-trobe-study-students-1597751-125x125.jpeg 125w, https:\/\/kivuresilience.org\/wp-content\/uploads\/2016\/12\/library-la-trobe-study-students-1597751-211x211.jpeg 211w\" sizes=\"auto, (max-width: 150px) 100vw, 150px\" \/><\/a>\r\n            <\/div>\r\n                <figcaption class='wp-caption-text gallery-caption' id='gallery-1-214'>\r\n                Computer lab\r\n                <\/figcaption><\/figure><figure class='gallery-item'>\r\n            <div class='gallery-icon landscape'>\r\n                <a href='https:\/\/kivuresilience.org\/?attachment_id=195'><img loading=\"lazy\" decoding=\"async\" width=\"150\" height=\"150\" src=\"https:\/\/kivuresilience.org\/wp-content\/uploads\/2016\/12\/night-theme-numbers-black-and-white-pen-742281-150x150.jpeg\" class=\"attachment-thumbnail size-thumbnail\" alt=\"\" srcset=\"https:\/\/kivuresilience.org\/wp-content\/uploads\/2016\/12\/night-theme-numbers-black-and-white-pen-742281-150x150.jpeg 150w, https:\/\/kivuresilience.org\/wp-content\/uploads\/2016\/12\/night-theme-numbers-black-and-white-pen-742281-246x246.jpeg 246w, https:\/\/kivuresilience.org\/wp-content\/uploads\/2016\/12\/night-theme-numbers-black-and-white-pen-742281-275x275.jpeg 275w, https:\/\/kivuresilience.org\/wp-content\/uploads\/2016\/12\/night-theme-numbers-black-and-white-pen-742281-70x70.jpeg 70w, https:\/\/kivuresilience.org\/wp-content\/uploads\/2016\/12\/night-theme-numbers-black-and-white-pen-742281-276x276.jpeg 276w, https:\/\/kivuresilience.org\/wp-content\/uploads\/2016\/12\/night-theme-numbers-black-and-white-pen-742281-125x125.jpeg 125w, https:\/\/kivuresilience.org\/wp-content\/uploads\/2016\/12\/night-theme-numbers-black-and-white-pen-742281-211x211.jpeg 211w\" sizes=\"auto, (max-width: 150px) 100vw, 150px\" \/><\/a>\r\n            <\/div><\/figure><figure class='gallery-item'>\r\n            <div class='gallery-icon landscape'>\r\n                <a href='https:\/\/kivuresilience.org\/?attachment_id=179'><img loading=\"lazy\" decoding=\"async\" width=\"150\" height=\"150\" src=\"https:\/\/kivuresilience.org\/wp-content\/uploads\/2016\/12\/students-1807505_19201-150x150.jpg\" class=\"attachment-thumbnail size-thumbnail\" alt=\"\" aria-describedby=\"gallery-1-179\" srcset=\"https:\/\/kivuresilience.org\/wp-content\/uploads\/2016\/12\/students-1807505_19201-150x150.jpg 150w, https:\/\/kivuresilience.org\/wp-content\/uploads\/2016\/12\/students-1807505_19201-246x246.jpg 246w, https:\/\/kivuresilience.org\/wp-content\/uploads\/2016\/12\/students-1807505_19201-275x275.jpg 275w, https:\/\/kivuresilience.org\/wp-content\/uploads\/2016\/12\/students-1807505_19201-70x70.jpg 70w, https:\/\/kivuresilience.org\/wp-content\/uploads\/2016\/12\/students-1807505_19201-276x276.jpg 276w, https:\/\/kivuresilience.org\/wp-content\/uploads\/2016\/12\/students-1807505_19201-125x125.jpg 125w, https:\/\/kivuresilience.org\/wp-content\/uploads\/2016\/12\/students-1807505_19201-211x211.jpg 211w\" sizes=\"auto, (max-width: 150px) 100vw, 150px\" \/><\/a>\r\n            <\/div>\r\n                <figcaption class='wp-caption-text gallery-caption' id='gallery-1-179'>\r\n                Park\r\n                <\/figcaption><\/figure><figure class='gallery-item'>\r\n            <div class='gallery-icon landscape'>\r\n                <a href='https:\/\/kivuresilience.org\/?attachment_id=184'><img loading=\"lazy\" decoding=\"async\" width=\"150\" height=\"150\" src=\"https:\/\/kivuresilience.org\/wp-content\/uploads\/2016\/12\/hammerton-college-1751689_19201-150x150.jpg\" class=\"attachment-thumbnail size-thumbnail\" alt=\"\" aria-describedby=\"gallery-1-184\" srcset=\"https:\/\/kivuresilience.org\/wp-content\/uploads\/2016\/12\/hammerton-college-1751689_19201-150x150.jpg 150w, https:\/\/kivuresilience.org\/wp-content\/uploads\/2016\/12\/hammerton-college-1751689_19201-246x246.jpg 246w, https:\/\/kivuresilience.org\/wp-content\/uploads\/2016\/12\/hammerton-college-1751689_19201-275x275.jpg 275w, https:\/\/kivuresilience.org\/wp-content\/uploads\/2016\/12\/hammerton-college-1751689_19201-70x70.jpg 70w, https:\/\/kivuresilience.org\/wp-content\/uploads\/2016\/12\/hammerton-college-1751689_19201-276x276.jpg 276w, https:\/\/kivuresilience.org\/wp-content\/uploads\/2016\/12\/hammerton-college-1751689_19201-125x125.jpg 125w, https:\/\/kivuresilience.org\/wp-content\/uploads\/2016\/12\/hammerton-college-1751689_19201-211x211.jpg 211w\" sizes=\"auto, (max-width: 150px) 100vw, 150px\" \/><\/a>\r\n            <\/div>\r\n                <figcaption class='wp-caption-text gallery-caption' id='gallery-1-184'>\r\n                Our College\r\n                <\/figcaption><\/figure>\r\n        <\/div>\n\n<p>Education began in prehistory, as adults trained the young in the knowledge and skills deemed necessary in their society. In pre-literate societies this was achieved orally and through imitation. Story-telling passed knowledge, values, and skills from one generation to the next. As cultures began to extend their knowledge beyond skills that could be readily learned through imitation, formal education developed. Schools existed in Egypt at the time of the Middle Kingdom.<\/p>\n<p>Matteo Ricci (left) and Xu Guangqi (right) in the Chinese edition of Euclid&rsquo;s Elements published in 1607. Plato founded the Academy in Athens, the first institution of higher learning in Europe.[5]The city of Alexandria in Egypt, established in 330 BCE, became the successor to Athens as the intellectual cradle of Ancient Greece. There, the great Library of Alexandria was built in the 3rd century BCE. European civilizations suffered a collapse of literacy and organization following the fall of Rome in CE 476.<\/p>\n<h2>Community<\/h2>\n<p><img loading=\"lazy\" decoding=\"async\" class=\"wp-image-176 alignleft\" src=\"https:\/\/rarathemesdemo.com\/education-zone-pro\/wp-content\/uploads\/sites\/26\/2016\/12\/purdue-university-1848563_12801-1024x597.jpg\" width=\"450\" height=\"262\" srcset=\"https:\/\/kivuresilience.org\/wp-content\/uploads\/2016\/12\/purdue-university-1848563_12801-1024x597.jpg 1024w, https:\/\/kivuresilience.org\/wp-content\/uploads\/2016\/12\/purdue-university-1848563_12801-300x175.jpg 300w, https:\/\/kivuresilience.org\/wp-content\/uploads\/2016\/12\/purdue-university-1848563_12801-768x448.jpg 768w, https:\/\/kivuresilience.org\/wp-content\/uploads\/2016\/12\/purdue-university-1848563_12801-18x10.jpg 18w, https:\/\/kivuresilience.org\/wp-content\/uploads\/2016\/12\/purdue-university-1848563_12801.jpg 1280w\" sizes=\"auto, (max-width: 450px) 100vw, 450px\" \/>A right to education has been recognized by some governments, including at the global level: Article 13 of the United Nations&rsquo; 1966 International Covenant on Economic, Social and Cultural Rights recognizes a universal right to education. In most regions education is compulsory up to a certain age.<\/p>\n<p>Education is the process of facilitating learning, or the acquisition of knowledge, skills, values, beliefs, and habits. Educational methods include storytelling, discussion, teaching, training, and directed research. Education frequently takes place under the guidance of educators, but learners may also educate themselves. Education can take place in formal or informal settings and any experience that has a formative effect on the way one thinks, feels, or acts may be considered educational. The methodology of teaching is called pedagogy.<\/p>\n<p><img loading=\"lazy\" decoding=\"async\" class=\"wp-image-173 alignright\" src=\"https:\/\/rarathemesdemo.com\/education-zone-pro\/wp-content\/uploads\/sites\/26\/2016\/12\/gallaudet-university-1607734_12801-1024x642.jpg\" width=\"450\" height=\"282\" srcset=\"https:\/\/kivuresilience.org\/wp-content\/uploads\/2016\/12\/gallaudet-university-1607734_12801-1024x642.jpg 1024w, https:\/\/kivuresilience.org\/wp-content\/uploads\/2016\/12\/gallaudet-university-1607734_12801-300x188.jpg 300w, https:\/\/kivuresilience.org\/wp-content\/uploads\/2016\/12\/gallaudet-university-1607734_12801-768x482.jpg 768w, https:\/\/kivuresilience.org\/wp-content\/uploads\/2016\/12\/gallaudet-university-1607734_12801-18x12.jpg 18w, https:\/\/kivuresilience.org\/wp-content\/uploads\/2016\/12\/gallaudet-university-1607734_12801.jpg 1280w\" sizes=\"auto, (max-width: 450px) 100vw, 450px\" \/>Education is commonly divided formally into such stages as preschool or kindergarten, primary school, secondary school and then college, university, or apprenticeship<\/p>\n<p>A right to education has been recognized by some governments, including at the global level: Article 13 of the United Nations&rsquo; 1966 International Covenant on Economic, Social and Cultural Rights recognizes a universal right to education. In most regions education is compulsory up to a certain age.<\/p>\n<p>&nbsp;<\/p>\n","protected":false},"excerpt":{"rendered":"<p>You can add\u00a0all sorts of information that you want to display to your future students. Education is the process of &hellip; <\/p>\n","protected":false},"author":1,"featured_media":98,"parent":0,"menu_order":0,"comment_status":"closed","ping_status":"closed","template":"","meta":{"footnotes":""},"class_list":["post-321","page","type-page","status-publish","has-post-thumbnail","hentry","latest_post"],"yoast_head":"<!-- This site is optimized with the Yoast SEO plugin v26.3 - https:\/\/yoast.com\/wordpress\/plugins\/seo\/ -->\n<title>Future Students - Kivu R\u00e9silience<\/title>\n<meta name=\"robots\" content=\"index, follow, max-snippet:-1, max-image-preview:large, max-video-preview:-1\" \/>\n<link rel=\"canonical\" href=\"https:\/\/kivuresilience.org\/?page_id=321\" \/>\n<meta property=\"og:locale\" content=\"fr_FR\" \/>\n<meta property=\"og:type\" content=\"article\" \/>\n<meta property=\"og:title\" content=\"Future Students - Kivu R\u00e9silience\" \/>\n<meta property=\"og:description\" content=\"You can add\u00a0all sorts of information that you want to display to your future students. Education is the process of &hellip;\" \/>\n<meta property=\"og:url\" content=\"https:\/\/kivuresilience.org\/?page_id=321\" \/>\n<meta property=\"og:site_name\" content=\"Kivu R\u00e9silience\" \/>\n<meta property=\"og:image\" content=\"https:\/\/kivuresilience.org\/wp-content\/uploads\/2016\/12\/library-la-trobe-study-students-1597751-150x150.jpeg\" \/>\n<meta name=\"twitter:card\" content=\"summary_large_image\" \/>\n<meta name=\"twitter:label1\" content=\"Dur\u00e9e de lecture estim\u00e9e\" \/>\n\t<meta name=\"twitter:data1\" content=\"2 minutes\" \/>\n<script type=\"application\/ld+json\" class=\"yoast-schema-graph\">{\"@context\":\"https:\/\/schema.org\",\"@graph\":[{\"@type\":\"WebPage\",\"@id\":\"https:\/\/kivuresilience.org\/?page_id=321\",\"url\":\"https:\/\/kivuresilience.org\/?page_id=321\",\"name\":\"Future Students - Kivu R\u00e9silience\",\"isPartOf\":{\"@id\":\"https:\/\/kivuresilience.org\/#website\"},\"primaryImageOfPage\":{\"@id\":\"https:\/\/kivuresilience.org\/?page_id=321#primaryimage\"},\"image\":{\"@id\":\"https:\/\/kivuresilience.org\/?page_id=321#primaryimage\"},\"thumbnailUrl\":\"\",\"datePublished\":\"2017-01-04T12:05:41+00:00\",\"breadcrumb\":{\"@id\":\"https:\/\/kivuresilience.org\/?page_id=321#breadcrumb\"},\"inLanguage\":\"fr-FR\",\"potentialAction\":[{\"@type\":\"ReadAction\",\"target\":[\"https:\/\/kivuresilience.org\/?page_id=321\"]}]},{\"@type\":\"ImageObject\",\"inLanguage\":\"fr-FR\",\"@id\":\"https:\/\/kivuresilience.org\/?page_id=321#primaryimage\",\"url\":\"\",\"contentUrl\":\"\"},{\"@type\":\"BreadcrumbList\",\"@id\":\"https:\/\/kivuresilience.org\/?page_id=321#breadcrumb\",\"itemListElement\":[{\"@type\":\"ListItem\",\"position\":1,\"name\":\"Home\",\"item\":\"https:\/\/kivuresilience.org\/\"},{\"@type\":\"ListItem\",\"position\":2,\"name\":\"Future Students\"}]},{\"@type\":\"WebSite\",\"@id\":\"https:\/\/kivuresilience.org\/#website\",\"url\":\"https:\/\/kivuresilience.org\/\",\"name\":\"Kivu R\u00e9silience\",\"description\":\"Renforcer la r\u00e9silience des communaut\u00e9s du Kivu\",\"publisher\":{\"@id\":\"https:\/\/kivuresilience.org\/#organization\"},\"potentialAction\":[{\"@type\":\"SearchAction\",\"target\":{\"@type\":\"EntryPoint\",\"urlTemplate\":\"https:\/\/kivuresilience.org\/?s={search_term_string}\"},\"query-input\":{\"@type\":\"PropertyValueSpecification\",\"valueRequired\":true,\"valueName\":\"search_term_string\"}}],\"inLanguage\":\"fr-FR\"},{\"@type\":\"Organization\",\"@id\":\"https:\/\/kivuresilience.org\/#organization\",\"name\":\"Kivu R\u00e9silience\",\"url\":\"https:\/\/kivuresilience.org\/\",\"logo\":{\"@type\":\"ImageObject\",\"inLanguage\":\"fr-FR\",\"@id\":\"https:\/\/kivuresilience.org\/#\/schema\/logo\/image\/\",\"url\":\"https:\/\/kivuresilience.org\/wp-content\/uploads\/2025\/11\/cropped-3.-KIRE_TranspMiniature_Final-1-10.png\",\"contentUrl\":\"https:\/\/kivuresilience.org\/wp-content\/uploads\/2025\/11\/cropped-3.-KIRE_TranspMiniature_Final-1-10.png\",\"width\":243,\"height\":48,\"caption\":\"Kivu R\u00e9silience\"},\"image\":{\"@id\":\"https:\/\/kivuresilience.org\/#\/schema\/logo\/image\/\"}}]}<\/script>\n<!-- \/ Yoast SEO plugin. -->","yoast_head_json":{"title":"Future Students - Kivu R\u00e9silience","robots":{"index":"index","follow":"follow","max-snippet":"max-snippet:-1","max-image-preview":"max-image-preview:large","max-video-preview":"max-video-preview:-1"},"canonical":"https:\/\/kivuresilience.org\/?page_id=321","og_locale":"fr_FR","og_type":"article","og_title":"Future Students - Kivu R\u00e9silience","og_description":"You can add\u00a0all sorts of information that you want to display to your future students. Education is the process of &hellip;","og_url":"https:\/\/kivuresilience.org\/?page_id=321","og_site_name":"Kivu R\u00e9silience","og_image":[{"url":"https:\/\/kivuresilience.org\/wp-content\/uploads\/2016\/12\/library-la-trobe-study-students-1597751-150x150.jpeg","type":"","width":"","height":""}],"twitter_card":"summary_large_image","twitter_misc":{"Dur\u00e9e de lecture estim\u00e9e":"2 minutes"},"schema":{"@context":"https:\/\/schema.org","@graph":[{"@type":"WebPage","@id":"https:\/\/kivuresilience.org\/?page_id=321","url":"https:\/\/kivuresilience.org\/?page_id=321","name":"Future Students - Kivu R\u00e9silience","isPartOf":{"@id":"https:\/\/kivuresilience.org\/#website"},"primaryImageOfPage":{"@id":"https:\/\/kivuresilience.org\/?page_id=321#primaryimage"},"image":{"@id":"https:\/\/kivuresilience.org\/?page_id=321#primaryimage"},"thumbnailUrl":"","datePublished":"2017-01-04T12:05:41+00:00","breadcrumb":{"@id":"https:\/\/kivuresilience.org\/?page_id=321#breadcrumb"},"inLanguage":"fr-FR","potentialAction":[{"@type":"ReadAction","target":["https:\/\/kivuresilience.org\/?page_id=321"]}]},{"@type":"ImageObject","inLanguage":"fr-FR","@id":"https:\/\/kivuresilience.org\/?page_id=321#primaryimage","url":"","contentUrl":""},{"@type":"BreadcrumbList","@id":"https:\/\/kivuresilience.org\/?page_id=321#breadcrumb","itemListElement":[{"@type":"ListItem","position":1,"name":"Home","item":"https:\/\/kivuresilience.org\/"},{"@type":"ListItem","position":2,"name":"Future Students"}]},{"@type":"WebSite","@id":"https:\/\/kivuresilience.org\/#website","url":"https:\/\/kivuresilience.org\/","name":"Kivu R\u00e9silience","description":"Renforcer la r\u00e9silience des communaut\u00e9s du Kivu","publisher":{"@id":"https:\/\/kivuresilience.org\/#organization"},"potentialAction":[{"@type":"SearchAction","target":{"@type":"EntryPoint","urlTemplate":"https:\/\/kivuresilience.org\/?s={search_term_string}"},"query-input":{"@type":"PropertyValueSpecification","valueRequired":true,"valueName":"search_term_string"}}],"inLanguage":"fr-FR"},{"@type":"Organization","@id":"https:\/\/kivuresilience.org\/#organization","name":"Kivu R\u00e9silience","url":"https:\/\/kivuresilience.org\/","logo":{"@type":"ImageObject","inLanguage":"fr-FR","@id":"https:\/\/kivuresilience.org\/#\/schema\/logo\/image\/","url":"https:\/\/kivuresilience.org\/wp-content\/uploads\/2025\/11\/cropped-3.-KIRE_TranspMiniature_Final-1-10.png","contentUrl":"https:\/\/kivuresilience.org\/wp-content\/uploads\/2025\/11\/cropped-3.-KIRE_TranspMiniature_Final-1-10.png","width":243,"height":48,"caption":"Kivu R\u00e9silience"},"image":{"@id":"https:\/\/kivuresilience.org\/#\/schema\/logo\/image\/"}}]}},"brizy_media":[],"_links":{"self":[{"href":"https:\/\/kivuresilience.org\/index.php?rest_route=\/wp\/v2\/pages\/321","targetHints":{"allow":["GET"]}}],"collection":[{"href":"https:\/\/kivuresilience.org\/index.php?rest_route=\/wp\/v2\/pages"}],"about":[{"href":"https:\/\/kivuresilience.org\/index.php?rest_route=\/wp\/v2\/types\/page"}],"author":[{"embeddable":true,"href":"https:\/\/kivuresilience.org\/index.php?rest_route=\/wp\/v2\/users\/1"}],"replies":[{"embeddable":true,"href":"https:\/\/kivuresilience.org\/index.php?rest_route=%2Fwp%2Fv2%2Fcomments&post=321"}],"version-history":[{"count":0,"href":"https:\/\/kivuresilience.org\/index.php?rest_route=\/wp\/v2\/pages\/321\/revisions"}],"wp:featuredmedia":[{"embeddable":true,"href":"https:\/\/kivuresilience.org\/index.php?rest_route=\/"}],"wp:attachment":[{"href":"https:\/\/kivuresilience.org\/index.php?rest_route=%2Fwp%2Fv2%2Fmedia&parent=321"}],"curies":[{"name":"wp","href":"https:\/\/api.w.org\/{rel}","templated":true}]}}