{"id":451,"date":"2017-01-05T10:06:58","date_gmt":"2017-01-05T10:06:58","guid":{"rendered":"https:\/\/kivuresilience.org\/?page_id=451"},"modified":"2017-01-05T10:06:58","modified_gmt":"2017-01-05T10:06:58","slug":"drop-caps","status":"publish","type":"page","link":"https:\/\/kivuresilience.org\/?page_id=451","title":{"rendered":"Drop Caps"},"content":{"rendered":"<p><span class=\"rara-drop-cap2\">T<\/span>here are many variations of passages of Lorem Ipsum available, but the majority have suffered alteration in some form, by injected humour, or randomised words which don&rsquo;t look even slightly believable. In vitae placerat justo, ac tincidunt diam. Interdum et malesuada fames ac ante ipsum primis in faucibus. Curabitur sit amet cursus sapien. Aliquam volutpat dui in ligula lacinia, at fringilla neque ultrices. Class aptent taciti sociosqu ad litora torquent per conubia nostra, per inceptos himenaeos. Aenean sollicitudin justo at metus malesuada, quis ultrices nulla iaculis. Donec maximus nisl et faucibus ullamcorper.<\/p>\n<p><span class=\"rara-drop-cap3\">I<\/span>f you are going to use a passage of Lorem Ipsum, you need to be sure there isn&rsquo;t anything embarrassing hidden in the middle of text. Nullam nec lobortis leo, in volutpat libero. Aenean volutpat elementum pellentesque. Integer et mi consectetur, rhoncus neque vel, mattis urna. Fusce vestibulum leo in sollicitudin efficitur. Aenean a faucibus nunc. In vitae placerat justo, ac tincidunt diam. Interdum et malesuada fames ac ante ipsum primis in faucibus. Curabitur sit amet cursus sapien. Aliquam volutpat dui in ligula lacinia, at fringilla neque ultrices. Class aptent taciti sociosqu ad litora torquent per conubia nostra, per inceptos himenaeos. Aenean sollicitudin justo at metus malesuada, quis ultrices nulla iaculis. Donec maximus nisl et faucibus ullamcorper.<\/p>\n<p><span class=\"rara-drop-cap4\">A<\/span>ll the Lorem Ipsum generators on the Internet tend to repeat predefined chunks as necessary, making this the first true generator on the Internet. It uses a dictionary of over 200 Latin words, combined with a handful of model sentence structures, to generate Lorem Ipsum which looks reasonable. The generated Lorem Ipsum is therefore always free from repetition, injected humour, or non-characteristic words etc.In vitae placerat justo, ac tincidunt diam. Interdum et malesuada fames ac ante ipsum primis in faucibus. Curabitur sit amet cursus sapien. Aliquam volutpat dui in ligula lacinia, at fringilla neque ultrices. Class aptent taciti sociosqu ad litora torquent per conubia nostra, per inceptos himenaeos. Aenean sollicitudin justo at metus malesuada, quis ultrices nulla iaculis. Donec maximus nisl et faucibus ullamcorper. Etiam vehicula risus vitae erat blandit, sit amet efficitur lorem convallis. Curabitur finibus sapien id pretium fringilla. Nam condimentum dui vel vestibulum ullamcorper. Fusce lacinia in erat ac euismod. Vestibulum commodo ante ut pulvinar sollicitudin. Vivamus finibus massa id tincidunt tristique.<\/p>\n","protected":false},"excerpt":{"rendered":"<p>here are many variations of passages of Lorem Ipsum available, but the majority have suffered alteration in some form, by &hellip; <\/p>\n","protected":false},"author":1,"featured_media":0,"parent":0,"menu_order":0,"comment_status":"closed","ping_status":"closed","template":"","meta":{"footnotes":""},"class_list":["post-451","page","type-page","status-publish","hentry","latest_post"],"yoast_head":"<!-- This site is optimized with the Yoast SEO plugin v26.3 - https:\/\/yoast.com\/wordpress\/plugins\/seo\/ -->\n<title>Drop Caps - Kivu R\u00e9silience<\/title>\n<meta name=\"robots\" content=\"index, follow, max-snippet:-1, max-image-preview:large, max-video-preview:-1\" \/>\n<link rel=\"canonical\" href=\"https:\/\/kivuresilience.org\/?page_id=451\" \/>\n<meta property=\"og:locale\" content=\"fr_FR\" \/>\n<meta property=\"og:type\" content=\"article\" \/>\n<meta property=\"og:title\" content=\"Drop Caps - Kivu R\u00e9silience\" \/>\n<meta property=\"og:description\" content=\"here are many variations of passages of Lorem Ipsum available, but the majority have suffered alteration in some form, by &hellip;\" \/>\n<meta property=\"og:url\" content=\"https:\/\/kivuresilience.org\/?page_id=451\" \/>\n<meta property=\"og:site_name\" content=\"Kivu R\u00e9silience\" \/>\n<meta name=\"twitter:card\" content=\"summary_large_image\" \/>\n<meta name=\"twitter:label1\" content=\"Dur\u00e9e de lecture estim\u00e9e\" \/>\n\t<meta name=\"twitter:data1\" content=\"2 minutes\" \/>\n<script type=\"application\/ld+json\" class=\"yoast-schema-graph\">{\"@context\":\"https:\/\/schema.org\",\"@graph\":[{\"@type\":\"WebPage\",\"@id\":\"https:\/\/kivuresilience.org\/?page_id=451\",\"url\":\"https:\/\/kivuresilience.org\/?page_id=451\",\"name\":\"Drop Caps - Kivu R\u00e9silience\",\"isPartOf\":{\"@id\":\"https:\/\/kivuresilience.org\/#website\"},\"datePublished\":\"2017-01-05T10:06:58+00:00\",\"breadcrumb\":{\"@id\":\"https:\/\/kivuresilience.org\/?page_id=451#breadcrumb\"},\"inLanguage\":\"fr-FR\",\"potentialAction\":[{\"@type\":\"ReadAction\",\"target\":[\"https:\/\/kivuresilience.org\/?page_id=451\"]}]},{\"@type\":\"BreadcrumbList\",\"@id\":\"https:\/\/kivuresilience.org\/?page_id=451#breadcrumb\",\"itemListElement\":[{\"@type\":\"ListItem\",\"position\":1,\"name\":\"Home\",\"item\":\"https:\/\/kivuresilience.org\/\"},{\"@type\":\"ListItem\",\"position\":2,\"name\":\"Drop Caps\"}]},{\"@type\":\"WebSite\",\"@id\":\"https:\/\/kivuresilience.org\/#website\",\"url\":\"https:\/\/kivuresilience.org\/\",\"name\":\"Kivu R\u00e9silience\",\"description\":\"Renforcer la r\u00e9silience des communaut\u00e9s du Kivu\",\"publisher\":{\"@id\":\"https:\/\/kivuresilience.org\/#organization\"},\"potentialAction\":[{\"@type\":\"SearchAction\",\"target\":{\"@type\":\"EntryPoint\",\"urlTemplate\":\"https:\/\/kivuresilience.org\/?s={search_term_string}\"},\"query-input\":{\"@type\":\"PropertyValueSpecification\",\"valueRequired\":true,\"valueName\":\"search_term_string\"}}],\"inLanguage\":\"fr-FR\"},{\"@type\":\"Organization\",\"@id\":\"https:\/\/kivuresilience.org\/#organization\",\"name\":\"Kivu R\u00e9silience\",\"url\":\"https:\/\/kivuresilience.org\/\",\"logo\":{\"@type\":\"ImageObject\",\"inLanguage\":\"fr-FR\",\"@id\":\"https:\/\/kivuresilience.org\/#\/schema\/logo\/image\/\",\"url\":\"https:\/\/kivuresilience.org\/wp-content\/uploads\/2025\/11\/cropped-3.-KIRE_TranspMiniature_Final-1-10.png\",\"contentUrl\":\"https:\/\/kivuresilience.org\/wp-content\/uploads\/2025\/11\/cropped-3.-KIRE_TranspMiniature_Final-1-10.png\",\"width\":243,\"height\":48,\"caption\":\"Kivu R\u00e9silience\"},\"image\":{\"@id\":\"https:\/\/kivuresilience.org\/#\/schema\/logo\/image\/\"}}]}<\/script>\n<!-- \/ Yoast SEO plugin. -->","yoast_head_json":{"title":"Drop Caps - Kivu R\u00e9silience","robots":{"index":"index","follow":"follow","max-snippet":"max-snippet:-1","max-image-preview":"max-image-preview:large","max-video-preview":"max-video-preview:-1"},"canonical":"https:\/\/kivuresilience.org\/?page_id=451","og_locale":"fr_FR","og_type":"article","og_title":"Drop Caps - Kivu R\u00e9silience","og_description":"here are many variations of passages of Lorem Ipsum available, but the majority have suffered alteration in some form, by &hellip;","og_url":"https:\/\/kivuresilience.org\/?page_id=451","og_site_name":"Kivu R\u00e9silience","twitter_card":"summary_large_image","twitter_misc":{"Dur\u00e9e de lecture estim\u00e9e":"2 minutes"},"schema":{"@context":"https:\/\/schema.org","@graph":[{"@type":"WebPage","@id":"https:\/\/kivuresilience.org\/?page_id=451","url":"https:\/\/kivuresilience.org\/?page_id=451","name":"Drop Caps - Kivu R\u00e9silience","isPartOf":{"@id":"https:\/\/kivuresilience.org\/#website"},"datePublished":"2017-01-05T10:06:58+00:00","breadcrumb":{"@id":"https:\/\/kivuresilience.org\/?page_id=451#breadcrumb"},"inLanguage":"fr-FR","potentialAction":[{"@type":"ReadAction","target":["https:\/\/kivuresilience.org\/?page_id=451"]}]},{"@type":"BreadcrumbList","@id":"https:\/\/kivuresilience.org\/?page_id=451#breadcrumb","itemListElement":[{"@type":"ListItem","position":1,"name":"Home","item":"https:\/\/kivuresilience.org\/"},{"@type":"ListItem","position":2,"name":"Drop Caps"}]},{"@type":"WebSite","@id":"https:\/\/kivuresilience.org\/#website","url":"https:\/\/kivuresilience.org\/","name":"Kivu R\u00e9silience","description":"Renforcer la r\u00e9silience des communaut\u00e9s du Kivu","publisher":{"@id":"https:\/\/kivuresilience.org\/#organization"},"potentialAction":[{"@type":"SearchAction","target":{"@type":"EntryPoint","urlTemplate":"https:\/\/kivuresilience.org\/?s={search_term_string}"},"query-input":{"@type":"PropertyValueSpecification","valueRequired":true,"valueName":"search_term_string"}}],"inLanguage":"fr-FR"},{"@type":"Organization","@id":"https:\/\/kivuresilience.org\/#organization","name":"Kivu R\u00e9silience","url":"https:\/\/kivuresilience.org\/","logo":{"@type":"ImageObject","inLanguage":"fr-FR","@id":"https:\/\/kivuresilience.org\/#\/schema\/logo\/image\/","url":"https:\/\/kivuresilience.org\/wp-content\/uploads\/2025\/11\/cropped-3.-KIRE_TranspMiniature_Final-1-10.png","contentUrl":"https:\/\/kivuresilience.org\/wp-content\/uploads\/2025\/11\/cropped-3.-KIRE_TranspMiniature_Final-1-10.png","width":243,"height":48,"caption":"Kivu R\u00e9silience"},"image":{"@id":"https:\/\/kivuresilience.org\/#\/schema\/logo\/image\/"}}]}},"brizy_media":[],"_links":{"self":[{"href":"https:\/\/kivuresilience.org\/index.php?rest_route=\/wp\/v2\/pages\/451","targetHints":{"allow":["GET"]}}],"collection":[{"href":"https:\/\/kivuresilience.org\/index.php?rest_route=\/wp\/v2\/pages"}],"about":[{"href":"https:\/\/kivuresilience.org\/index.php?rest_route=\/wp\/v2\/types\/page"}],"author":[{"embeddable":true,"href":"https:\/\/kivuresilience.org\/index.php?rest_route=\/wp\/v2\/users\/1"}],"replies":[{"embeddable":true,"href":"https:\/\/kivuresilience.org\/index.php?rest_route=%2Fwp%2Fv2%2Fcomments&post=451"}],"version-history":[{"count":0,"href":"https:\/\/kivuresilience.org\/index.php?rest_route=\/wp\/v2\/pages\/451\/revisions"}],"wp:attachment":[{"href":"https:\/\/kivuresilience.org\/index.php?rest_route=%2Fwp%2Fv2%2Fmedia&parent=451"}],"curies":[{"name":"wp","href":"https:\/\/api.w.org\/{rel}","templated":true}]}}