{"id":458,"date":"2017-01-05T10:10:38","date_gmt":"2017-01-05T10:10:38","guid":{"rendered":"https:\/\/kivuresilience.org\/?page_id=458"},"modified":"2017-01-05T10:10:38","modified_gmt":"2017-01-05T10:10:38","slug":"social-icons","status":"publish","type":"page","link":"https:\/\/kivuresilience.org\/?page_id=458","title":{"rendered":"Social Icons"},"content":{"rendered":"<p>Nullam odio augue, venenatis ac viverra et, pretium a ex. Phasellus vitae tincidunt urna, quis tempor nibh. Proin bibendum pretium nibh, ut rhoncus turpis maximus pretium. Vivamus cursus vehicula nulla vel convallis. Sed eu dui tempor, accumsan eros ut, ultricies arcu. Aenean porta, lectus ut rhoncus commodo, elit quam auctor nisl, at lacinia nisl nisl non ligula. Maecenas tempor, nibh ut porta rhoncus, nisi tellus gravida urna, at eleifend erat elit non mi. Interdum et malesuada fames ac ante ipsum primis in faucibus. Praesent semper rhoncus est ac consequat. Nullam venenatis libero in tellus pretium eleifend. Sed risus mauris, venenatis sit amet metus eu, gravida maximus nisl. Praesent mauris nisl, feugiat nec faucibus fermentum, ultrices sit amet nisi.<\/p>\n<div class=\"social-shortcode\"><a href=\"http:\/\/facebook.com\/\" target=\"_blank\"><i class=\"fa fa-facebook\"><\/i><\/a><a href=\"http:\/\/twitter.com\/\" target=\"_blank\"><i class=\"fa fa-twitter\"><\/i><\/a><a href=\"https:\/\/www.instagram.com\/\" target=\"_blank\"><i class=\"fa fa-instagram\"><\/i><\/a><a href=\"https:\/\/plus.google.com\/\" target=\"_blank\"><i class=\"fa fa-google-plus\"><\/i><\/a><a href=\"https:\/\/www.pinterest.com\/\" target=\"_blank\"><i class=\"fa fa-pinterest-p\"><\/i><\/a><a href=\"http:\/\/www.linkedin.com\" target=\"_blank\"><i class=\"fa fa-linkedin\"><\/i><\/a><a href=\"http:\/\/www.youtube.com\/\" target=\"_blank\"><i class=\"fa fa-youtube\"><\/i><\/a><a href=\"https:\/\/vimeo.com\/\" target=\"_blank\"><i class=\"fa fa-vimeo\"><\/i><\/a><a href=\"https:\/\/dribbble.com\/\" target=\"_blank\"><i class=\"fa fa-dribbble\"><\/i><\/a><a href=\"https:\/\/foursquare.com\/\" target=\"_blank\"><i class=\"fa fa-foursquare\"><\/i><\/a><a href=\"https:\/\/flickr.com\/\" target=\"_blank\"><i class=\"fa fa-flickr\"><\/i><\/a><a href=\"https:\/\/reddit.com\/\" target=\"_blank\"><i class=\"fa fa-reddit\"><\/i><\/a><a href=\"skype:raratheme\"><i class=\"fa fa-skype\"><\/i><\/a><a href=\"https:\/\/stumbleupon.com\/\" target=\"_blank\"><i class=\"fa fa-stumbleupon\"><\/i><\/a><a href=\"https:\/\/tumblr.com\/\" target=\"_blank\"><i class=\"fa fa-tumblr\"><\/i><\/a><\/div>\n<p>Etiam suscipit eget purus id pulvinar. Praesent enim nisi, mattis et scelerisque ac, pulvinar vel neque. In iaculis sapien et eros lobortis, quis facilisis est consequat. Nullam nec lobortis leo, in volutpat libero. Aenean volutpat elementum pellentesque. Integer et mi consectetur, rhoncus neque vel, mattis urna. Fusce vestibulum leo in sollicitudin efficitur. Aenean a faucibus nunc. Praesent efficitur efficitur tortor, eu condimentum dolor laoreet vitae. Phasellus efficitur ornare mauris ac pellentesque. Vestibulum a congue arcu. Lorem ipsum dolor sit amet, consectetur adipiscing elit. Phasellus vitae aliquet elit. Suspendisse in nisl augue. Fusce volutpat lorem velit.<\/p>\n<div class=\"social-shortcode\"><a href=\"http:\/\/facebook.com\/\" target=\"_blank\"><i class=\"fa fa-facebook\"><\/i><\/a><a href=\"http:\/\/twitter.com\/\" target=\"_blank\"><i class=\"fa fa-twitter\"><\/i><\/a><a href=\"https:\/\/www.instagram.com\/\" target=\"_blank\"><i class=\"fa fa-instagram\"><\/i><\/a><a href=\"https:\/\/plus.google.com\/\" target=\"_blank\"><i class=\"fa fa-google-plus\"><\/i><\/a><a href=\"https:\/\/www.pinterest.com\/\" target=\"_blank\"><i class=\"fa fa-pinterest-p\"><\/i><\/a><a href=\"http:\/\/www.linkedin.com\" target=\"_blank\"><i class=\"fa fa-linkedin\"><\/i><\/a><a href=\"http:\/\/www.youtube.com\/\" target=\"_blank\"><i class=\"fa fa-youtube\"><\/i><\/a><a href=\"https:\/\/vimeo.com\/\" target=\"_blank\"><i class=\"fa fa-vimeo\"><\/i><\/a><a href=\"https:\/\/dribbble.com\/\" target=\"_blank\"><i class=\"fa fa-dribbble\"><\/i><\/a><a href=\"https:\/\/foursquare.com\/\" target=\"_blank\"><i class=\"fa fa-foursquare\"><\/i><\/a><a href=\"https:\/\/flickr.com\/\" target=\"_blank\"><i class=\"fa fa-flickr\"><\/i><\/a><a href=\"https:\/\/reddit.com\/\" target=\"_blank\"><i class=\"fa fa-reddit\"><\/i><\/a><a href=\"skype:raratheme\"><i class=\"fa fa-skype\"><\/i><\/a><a href=\"https:\/\/stumbleupon.com\/\" target=\"_blank\"><i class=\"fa fa-stumbleupon\"><\/i><\/a><a href=\"https:\/\/tumblr.com\/\" target=\"_blank\"><i class=\"fa fa-tumblr\"><\/i><\/a><\/div>\n","protected":false},"excerpt":{"rendered":"<p>Nullam odio augue, venenatis ac viverra et, pretium a ex. Phasellus vitae tincidunt urna, quis tempor nibh. Proin bibendum pretium &hellip; <\/p>\n","protected":false},"author":1,"featured_media":0,"parent":0,"menu_order":0,"comment_status":"closed","ping_status":"closed","template":"","meta":{"footnotes":""},"class_list":["post-458","page","type-page","status-publish","hentry","latest_post"],"yoast_head":"<!-- This site is optimized with the Yoast SEO plugin v26.3 - https:\/\/yoast.com\/wordpress\/plugins\/seo\/ -->\n<title>Social Icons - Kivu R\u00e9silience<\/title>\n<meta name=\"robots\" content=\"index, follow, max-snippet:-1, max-image-preview:large, max-video-preview:-1\" \/>\n<link rel=\"canonical\" href=\"https:\/\/kivuresilience.org\/?page_id=458\" \/>\n<meta property=\"og:locale\" content=\"fr_FR\" \/>\n<meta property=\"og:type\" content=\"article\" \/>\n<meta property=\"og:title\" content=\"Social Icons - Kivu R\u00e9silience\" \/>\n<meta property=\"og:description\" content=\"Nullam odio augue, venenatis ac viverra et, pretium a ex. Phasellus vitae tincidunt urna, quis tempor nibh. Proin bibendum pretium &hellip;\" \/>\n<meta property=\"og:url\" content=\"https:\/\/kivuresilience.org\/?page_id=458\" \/>\n<meta property=\"og:site_name\" content=\"Kivu R\u00e9silience\" \/>\n<meta name=\"twitter:card\" content=\"summary_large_image\" \/>\n<meta name=\"twitter:label1\" content=\"Dur\u00e9e de lecture estim\u00e9e\" \/>\n\t<meta name=\"twitter:data1\" content=\"2 minutes\" \/>\n<script type=\"application\/ld+json\" class=\"yoast-schema-graph\">{\"@context\":\"https:\/\/schema.org\",\"@graph\":[{\"@type\":\"WebPage\",\"@id\":\"https:\/\/kivuresilience.org\/?page_id=458\",\"url\":\"https:\/\/kivuresilience.org\/?page_id=458\",\"name\":\"Social Icons - Kivu R\u00e9silience\",\"isPartOf\":{\"@id\":\"https:\/\/kivuresilience.org\/#website\"},\"datePublished\":\"2017-01-05T10:10:38+00:00\",\"breadcrumb\":{\"@id\":\"https:\/\/kivuresilience.org\/?page_id=458#breadcrumb\"},\"inLanguage\":\"fr-FR\",\"potentialAction\":[{\"@type\":\"ReadAction\",\"target\":[\"https:\/\/kivuresilience.org\/?page_id=458\"]}]},{\"@type\":\"BreadcrumbList\",\"@id\":\"https:\/\/kivuresilience.org\/?page_id=458#breadcrumb\",\"itemListElement\":[{\"@type\":\"ListItem\",\"position\":1,\"name\":\"Home\",\"item\":\"https:\/\/kivuresilience.org\/\"},{\"@type\":\"ListItem\",\"position\":2,\"name\":\"Social Icons\"}]},{\"@type\":\"WebSite\",\"@id\":\"https:\/\/kivuresilience.org\/#website\",\"url\":\"https:\/\/kivuresilience.org\/\",\"name\":\"Kivu R\u00e9silience\",\"description\":\"Renforcer la r\u00e9silience des communaut\u00e9s du Kivu\",\"publisher\":{\"@id\":\"https:\/\/kivuresilience.org\/#organization\"},\"potentialAction\":[{\"@type\":\"SearchAction\",\"target\":{\"@type\":\"EntryPoint\",\"urlTemplate\":\"https:\/\/kivuresilience.org\/?s={search_term_string}\"},\"query-input\":{\"@type\":\"PropertyValueSpecification\",\"valueRequired\":true,\"valueName\":\"search_term_string\"}}],\"inLanguage\":\"fr-FR\"},{\"@type\":\"Organization\",\"@id\":\"https:\/\/kivuresilience.org\/#organization\",\"name\":\"Kivu R\u00e9silience\",\"url\":\"https:\/\/kivuresilience.org\/\",\"logo\":{\"@type\":\"ImageObject\",\"inLanguage\":\"fr-FR\",\"@id\":\"https:\/\/kivuresilience.org\/#\/schema\/logo\/image\/\",\"url\":\"https:\/\/kivuresilience.org\/wp-content\/uploads\/2025\/11\/cropped-3.-KIRE_TranspMiniature_Final-1-10.png\",\"contentUrl\":\"https:\/\/kivuresilience.org\/wp-content\/uploads\/2025\/11\/cropped-3.-KIRE_TranspMiniature_Final-1-10.png\",\"width\":243,\"height\":48,\"caption\":\"Kivu R\u00e9silience\"},\"image\":{\"@id\":\"https:\/\/kivuresilience.org\/#\/schema\/logo\/image\/\"}}]}<\/script>\n<!-- \/ Yoast SEO plugin. -->","yoast_head_json":{"title":"Social Icons - Kivu R\u00e9silience","robots":{"index":"index","follow":"follow","max-snippet":"max-snippet:-1","max-image-preview":"max-image-preview:large","max-video-preview":"max-video-preview:-1"},"canonical":"https:\/\/kivuresilience.org\/?page_id=458","og_locale":"fr_FR","og_type":"article","og_title":"Social Icons - Kivu R\u00e9silience","og_description":"Nullam odio augue, venenatis ac viverra et, pretium a ex. Phasellus vitae tincidunt urna, quis tempor nibh. Proin bibendum pretium &hellip;","og_url":"https:\/\/kivuresilience.org\/?page_id=458","og_site_name":"Kivu R\u00e9silience","twitter_card":"summary_large_image","twitter_misc":{"Dur\u00e9e de lecture estim\u00e9e":"2 minutes"},"schema":{"@context":"https:\/\/schema.org","@graph":[{"@type":"WebPage","@id":"https:\/\/kivuresilience.org\/?page_id=458","url":"https:\/\/kivuresilience.org\/?page_id=458","name":"Social Icons - Kivu R\u00e9silience","isPartOf":{"@id":"https:\/\/kivuresilience.org\/#website"},"datePublished":"2017-01-05T10:10:38+00:00","breadcrumb":{"@id":"https:\/\/kivuresilience.org\/?page_id=458#breadcrumb"},"inLanguage":"fr-FR","potentialAction":[{"@type":"ReadAction","target":["https:\/\/kivuresilience.org\/?page_id=458"]}]},{"@type":"BreadcrumbList","@id":"https:\/\/kivuresilience.org\/?page_id=458#breadcrumb","itemListElement":[{"@type":"ListItem","position":1,"name":"Home","item":"https:\/\/kivuresilience.org\/"},{"@type":"ListItem","position":2,"name":"Social Icons"}]},{"@type":"WebSite","@id":"https:\/\/kivuresilience.org\/#website","url":"https:\/\/kivuresilience.org\/","name":"Kivu R\u00e9silience","description":"Renforcer la r\u00e9silience des communaut\u00e9s du Kivu","publisher":{"@id":"https:\/\/kivuresilience.org\/#organization"},"potentialAction":[{"@type":"SearchAction","target":{"@type":"EntryPoint","urlTemplate":"https:\/\/kivuresilience.org\/?s={search_term_string}"},"query-input":{"@type":"PropertyValueSpecification","valueRequired":true,"valueName":"search_term_string"}}],"inLanguage":"fr-FR"},{"@type":"Organization","@id":"https:\/\/kivuresilience.org\/#organization","name":"Kivu R\u00e9silience","url":"https:\/\/kivuresilience.org\/","logo":{"@type":"ImageObject","inLanguage":"fr-FR","@id":"https:\/\/kivuresilience.org\/#\/schema\/logo\/image\/","url":"https:\/\/kivuresilience.org\/wp-content\/uploads\/2025\/11\/cropped-3.-KIRE_TranspMiniature_Final-1-10.png","contentUrl":"https:\/\/kivuresilience.org\/wp-content\/uploads\/2025\/11\/cropped-3.-KIRE_TranspMiniature_Final-1-10.png","width":243,"height":48,"caption":"Kivu R\u00e9silience"},"image":{"@id":"https:\/\/kivuresilience.org\/#\/schema\/logo\/image\/"}}]}},"brizy_media":[],"_links":{"self":[{"href":"https:\/\/kivuresilience.org\/index.php?rest_route=\/wp\/v2\/pages\/458","targetHints":{"allow":["GET"]}}],"collection":[{"href":"https:\/\/kivuresilience.org\/index.php?rest_route=\/wp\/v2\/pages"}],"about":[{"href":"https:\/\/kivuresilience.org\/index.php?rest_route=\/wp\/v2\/types\/page"}],"author":[{"embeddable":true,"href":"https:\/\/kivuresilience.org\/index.php?rest_route=\/wp\/v2\/users\/1"}],"replies":[{"embeddable":true,"href":"https:\/\/kivuresilience.org\/index.php?rest_route=%2Fwp%2Fv2%2Fcomments&post=458"}],"version-history":[{"count":0,"href":"https:\/\/kivuresilience.org\/index.php?rest_route=\/wp\/v2\/pages\/458\/revisions"}],"wp:attachment":[{"href":"https:\/\/kivuresilience.org\/index.php?rest_route=%2Fwp%2Fv2%2Fmedia&parent=458"}],"curies":[{"name":"wp","href":"https:\/\/api.w.org\/{rel}","templated":true}]}}