{"id":696,"date":"2025-11-07T08:37:29","date_gmt":"2025-11-07T06:37:29","guid":{"rendered":"https:\/\/kivuresilience.org\/?page_id=696"},"modified":"2025-11-13T03:18:36","modified_gmt":"2025-11-13T01:18:36","slug":"a-propos-de-kra","status":"publish","type":"page","link":"https:\/\/kivuresilience.org\/?page_id=696","title":{"rendered":"KIRE"},"content":{"rendered":"\n<h2 class=\"wp-block-heading\">1. Pr\u00e9sentation<\/h2>\n\n\n\n<p>KIRE est un centre de recherche et d&rsquo;action interdisciplinaire fond\u00e9 pour renforcer la r\u00e9silience des communaut\u00e9s de l&rsquo;Est de la R\u00e9publique d\u00e9mocratique du Congo et des Grands Lacs africains.<\/p>\n\n\n\n<p>\u00c0 la crois\u00e9e du droit, des sciences sociales, des \u00e9tudes environnementales et de l&rsquo;innovation communautaire, KIRE relie la recherche scientifique \u00e0 l&rsquo;action concr\u00e8te sur le terrain. Son objectif est de comprendre, pr\u00e9venir et transformer les vuln\u00e9rabilit\u00e9s sociales, \u00e9conomiques, \u00e9cologiques et s\u00e9curitaires en leviers de d\u00e9veloppement durable.<\/p>\n\n\n\n<h2 class=\"wp-block-heading\">2. Vision<\/h2>\n\n\n\n<p>Construire une r\u00e9gion des Grands Lacs r\u00e9siliante, inclusive et pacifique, o\u00f9 les personnes et les communaut\u00e9s locales sont au centre des solutions face aux d\u00e9fis contemporains de l&rsquo;Est de la R\u00e9publique d\u00e9mocratique du Congo : les cycles des violences arm\u00e9es, les conflits intercommunautaires, les crises climatiques et environnementales, les d\u00e9placements et migrations forc\u00e9s et les in\u00e9galit\u00e9s structurelles.<\/p>\n\n\n\n<h2 class=\"wp-block-heading\">3. Mission<\/h2>\n\n\n\n<p>Une convergence des quatre axes :<\/p>\n\n\n\n<ul class=\"wp-block-list\">\n<li>Produire une recherche scientifique appliqu\u00e9e et interdisciplinaire sur les dynamiques de r\u00e9silience, de mobilit\u00e9 et de gouvernance.<\/li>\n\n\n\n<li>Promouvoir le dialogue entre chercheurs, d\u00e9cideurs et communaut\u00e9s sur les questions de gouvernance, de genre et inclusion, etc.<\/li>\n\n\n\n<li>Mettre en oeuvre des actions pilotes de r\u00e9silience communautaire, fond\u00e9e sur des donn\u00e9es probantes et une participation inclusive.<\/li>\n\n\n\n<li>Accompagner les institutions publiques, les organisations non gouvernementales, les organisations locales et les acteurs locaux et les communaut\u00e9s dans la conception, la mise en oeuvre et l&rsquo;\u00e9valuation des politiques inclusives et durables.<\/li>\n<\/ul>\n\n\n\n<h2 class=\"wp-block-heading\">4. Valeurs<\/h2>\n\n\n\n<p>Cinq valeurs sont au coeur de l&rsquo;action de KIRE :<\/p>\n\n\n\n<ul class=\"wp-block-list\">\n<li><strong>Dignit\u00e9 humaine<\/strong> : socle de toute action de KIRE.<\/li>\n\n\n\n<li><strong>Rigueur scientifique<\/strong> : allier excellence acad\u00e9mique et impact social.<\/li>\n\n\n\n<li><strong>Collaboration<\/strong> : cr\u00e9er des passerelles entre disciplines, actrices et acteurs et territoires.<\/li>\n\n\n\n<li><strong>Innovation<\/strong> : exp\u00e9rimenter des approches nouvelles face aux d\u00e9fis du terrain.<\/li>\n\n\n\n<li><strong>Responsabilit\u00e9 <\/strong>: agir pour la paix, la justice et la durabilit\u00e9.<\/li>\n<\/ul>\n\n\n\n<h2 class=\"wp-block-heading\">5. Domaines d&rsquo;action<\/h2>\n\n\n\n<p>La complexit\u00e9 et la persistance des crises \u00e0 l&rsquo;Est de la R\u00e9publique d\u00e9mocratique du Congo appellent \u00e0 une approche globale incluant et sans s&rsquo;y limiter :<\/p>\n\n\n\n<ol class=\"wp-block-list\">\n<li>Droits humains et justice transitionnelle<\/li>\n\n\n\n<li>Genre, inclusion et autonomisation des femmes et des jeunes<\/li>\n\n\n\n<li>Migrations et crises identitaires <\/li>\n\n\n\n<li>Acc\u00e8s \u00e0 la terre et r\u00e9silience des moyens de subsistance<\/li>\n\n\n\n<li>Paix et coh\u00e9sion communautaire<\/li>\n\n\n\n<li>Climat, environnement et durabilit\u00e9<\/li>\n\n\n\n<li>Gouvernance et coop\u00e9ration r\u00e9gionale <\/li>\n\n\n\n<li>Mobilit\u00e9s Sud-Sud-Nord et \u00e9quit\u00e9<\/li>\n<\/ol>\n\n\n\n<h2 class=\"wp-block-heading\">6. Sp\u00e9cificit\u00e9 de KIRE<\/h2>\n\n\n\n<p>KIRE se distingue dans sa conception et son approche des autres centres et organisations oeuvrant \u00e0 l&rsquo;Est de la R\u00e9publique d\u00e9mocratique du Congo :<\/p>\n\n\n\n<div class=\"wp-block-media-text is-stacked-on-mobile\" style=\"grid-template-columns:40% auto\"><figure class=\"wp-block-media-text__media\"><img loading=\"lazy\" decoding=\"async\" width=\"1024\" height=\"369\" src=\"https:\/\/kivuresilience.org\/wp-content\/uploads\/2016\/12\/static-banner-image-1-1-1024x369.jpg\" alt=\"\" class=\"wp-image-538 size-full\" srcset=\"https:\/\/kivuresilience.org\/wp-content\/uploads\/2016\/12\/static-banner-image-1-1-1024x369.jpg 1024w, https:\/\/kivuresilience.org\/wp-content\/uploads\/2016\/12\/static-banner-image-1-1-300x108.jpg 300w, https:\/\/kivuresilience.org\/wp-content\/uploads\/2016\/12\/static-banner-image-1-1-768x277.jpg 768w, https:\/\/kivuresilience.org\/wp-content\/uploads\/2016\/12\/static-banner-image-1-1-1536x554.jpg 1536w, https:\/\/kivuresilience.org\/wp-content\/uploads\/2016\/12\/static-banner-image-1-1-18x6.jpg 18w, https:\/\/kivuresilience.org\/wp-content\/uploads\/2016\/12\/static-banner-image-1-1.jpg 1920w\" sizes=\"auto, (max-width: 1024px) 100vw, 1024px\" \/><\/figure><div class=\"wp-block-media-text__content\">\n<h3 class=\"wp-block-heading\">A. Double identit\u00e9 affirm\u00e9e<\/h3>\n\n\n\n<p>KIRE est \u00e0 la fois un centre de recherche scientifique et un acteur communautaire de terrain.<\/p>\n<\/div><\/div>\n\n\n\n<div class=\"wp-block-media-text has-media-on-the-right is-stacked-on-mobile\" style=\"grid-template-columns:auto 46%\"><div class=\"wp-block-media-text__content\">\n<h3 class=\"wp-block-heading\">B. Composition interdisciplinaire claire<\/h3>\n\n\n\n<p>KIRE r\u00e9unit les juristes, les politologues, les sociologues, \u00e9conomistes, historiens, praticiens du d\u00e9veloppement, etc.<\/p>\n<\/div><figure class=\"wp-block-media-text__media\"><img loading=\"lazy\" decoding=\"async\" width=\"1024\" height=\"369\" src=\"https:\/\/kivuresilience.org\/wp-content\/uploads\/2016\/12\/students-1807505_19201-1920x692-1-1024x369.jpg\" alt=\"\" class=\"wp-image-539 size-full\" srcset=\"https:\/\/kivuresilience.org\/wp-content\/uploads\/2016\/12\/students-1807505_19201-1920x692-1-1024x369.jpg 1024w, https:\/\/kivuresilience.org\/wp-content\/uploads\/2016\/12\/students-1807505_19201-1920x692-1-300x108.jpg 300w, https:\/\/kivuresilience.org\/wp-content\/uploads\/2016\/12\/students-1807505_19201-1920x692-1-768x277.jpg 768w, https:\/\/kivuresilience.org\/wp-content\/uploads\/2016\/12\/students-1807505_19201-1920x692-1-1536x554.jpg 1536w, https:\/\/kivuresilience.org\/wp-content\/uploads\/2016\/12\/students-1807505_19201-1920x692-1-18x6.jpg 18w, https:\/\/kivuresilience.org\/wp-content\/uploads\/2016\/12\/students-1807505_19201-1920x692-1.jpg 1920w\" sizes=\"auto, (max-width: 1024px) 100vw, 1024px\" \/><\/figure><\/div>\n\n\n\n<div class=\"wp-block-media-text is-stacked-on-mobile\" style=\"grid-template-columns:49% auto\"><figure class=\"wp-block-media-text__media\"><img loading=\"lazy\" decoding=\"async\" width=\"1024\" height=\"369\" src=\"https:\/\/kivuresilience.org\/wp-content\/uploads\/2025\/11\/cropped-0033-scaled-1-1024x369.jpg\" alt=\"\" class=\"wp-image-73 size-full\" srcset=\"https:\/\/kivuresilience.org\/wp-content\/uploads\/2025\/11\/cropped-0033-scaled-1-1024x369.jpg 1024w, https:\/\/kivuresilience.org\/wp-content\/uploads\/2025\/11\/cropped-0033-scaled-1-300x108.jpg 300w, https:\/\/kivuresilience.org\/wp-content\/uploads\/2025\/11\/cropped-0033-scaled-1-768x277.jpg 768w, https:\/\/kivuresilience.org\/wp-content\/uploads\/2025\/11\/cropped-0033-scaled-1-1536x554.jpg 1536w, https:\/\/kivuresilience.org\/wp-content\/uploads\/2025\/11\/cropped-0033-scaled-1-18x6.jpg 18w, https:\/\/kivuresilience.org\/wp-content\/uploads\/2025\/11\/cropped-0033-scaled-1.jpg 1920w\" sizes=\"auto, (max-width: 1024px) 100vw, 1024px\" \/><\/figure><div class=\"wp-block-media-text__content\">\n<h3 class=\"wp-block-heading\">C. Ancrage local fort et ouverture internationale<\/h3>\n\n\n\n<p>KIRE s&rsquo;inspire et inspire les r\u00e9seaux acad\u00e9miques et les organisations r\u00e9gionales et internationales.<\/p>\n<\/div><\/div>\n\n\n\n<div class=\"wp-block-media-text has-media-on-the-right is-stacked-on-mobile\" style=\"grid-template-columns:auto 43%\"><div class=\"wp-block-media-text__content\">\n<h3 class=\"wp-block-heading\">D. Approche hybride contextualis\u00e9e<\/h3>\n\n\n\n<p>KIRE m\u00eale la rigueur universitaire \u00e0 l&rsquo;exp\u00e9rimentation sociale et participative comblant le foss\u00e9 entre les th\u00e9ories scientifiques et les r\u00e9alit\u00e9s des terrains.<\/p>\n<\/div><figure class=\"wp-block-media-text__media\"><img loading=\"lazy\" decoding=\"async\" width=\"1024\" height=\"769\" src=\"https:\/\/kivuresilience.org\/wp-content\/uploads\/2025\/11\/subscribe-img2-1024x769.jpg\" alt=\"\" class=\"wp-image-676 size-full\" srcset=\"https:\/\/kivuresilience.org\/wp-content\/uploads\/2025\/11\/subscribe-img2-1024x769.jpg 1024w, https:\/\/kivuresilience.org\/wp-content\/uploads\/2025\/11\/subscribe-img2-300x225.jpg 300w, https:\/\/kivuresilience.org\/wp-content\/uploads\/2025\/11\/subscribe-img2-768x577.jpg 768w, https:\/\/kivuresilience.org\/wp-content\/uploads\/2025\/11\/subscribe-img2-1536x1153.jpg 1536w, https:\/\/kivuresilience.org\/wp-content\/uploads\/2025\/11\/subscribe-img2-2048x1538.jpg 2048w, https:\/\/kivuresilience.org\/wp-content\/uploads\/2025\/11\/subscribe-img2-16x12.jpg 16w\" sizes=\"auto, (max-width: 1024px) 100vw, 1024px\" \/><\/figure><\/div>\n\n\n\n<p><\/p>\n\n\n\n<p class=\"has-text-align-center\"><strong><a href=\"https:\/\/kivuresilience.org\/?p=168\">En savoir plus <\/a><\/strong><\/p>\n\n\n\n<p><\/p>\n","protected":false},"excerpt":{"rendered":"<p>1. Pr\u00e9sentation KIRE est un centre de recherche et d&rsquo;action interdisciplinaire fond\u00e9 pour renforcer la r\u00e9silience des communaut\u00e9s de l&rsquo;Est &hellip; <\/p>\n","protected":false},"author":1,"featured_media":0,"parent":0,"menu_order":0,"comment_status":"closed","ping_status":"closed","template":"","meta":{"footnotes":""},"class_list":["post-696","page","type-page","status-publish","hentry","latest_post"],"yoast_head":"<!-- This site is optimized with the Yoast SEO plugin v26.3 - https:\/\/yoast.com\/wordpress\/plugins\/seo\/ -->\n<title>KIRE - Kivu R\u00e9silience<\/title>\n<meta name=\"description\" content=\"KRA est un centre de recherche et d&#039;action interdisciplinaire fond\u00e9 pour renforcer la r\u00e9silience des communaut\u00e9s de l&#039;Est de la R\u00e9publique d\u00e9mocratique du Congo et des Grands Lacs africains.\" \/>\n<meta name=\"robots\" content=\"index, follow, max-snippet:-1, max-image-preview:large, max-video-preview:-1\" \/>\n<link rel=\"canonical\" href=\"https:\/\/kivuresilience.org\/?page_id=696\" \/>\n<meta property=\"og:locale\" content=\"fr_FR\" \/>\n<meta property=\"og:type\" content=\"article\" \/>\n<meta property=\"og:title\" content=\"KIRE - Kivu R\u00e9silience\" \/>\n<meta property=\"og:description\" content=\"KRA est un centre de recherche et d&#039;action interdisciplinaire fond\u00e9 pour renforcer la r\u00e9silience des communaut\u00e9s de l&#039;Est de la R\u00e9publique d\u00e9mocratique du Congo et des Grands Lacs africains.\" \/>\n<meta property=\"og:url\" content=\"https:\/\/kivuresilience.org\/?page_id=696\" \/>\n<meta property=\"og:site_name\" content=\"Kivu R\u00e9silience\" \/>\n<meta property=\"article:modified_time\" content=\"2025-11-13T01:18:36+00:00\" \/>\n<meta property=\"og:image\" content=\"https:\/\/kivuresilience.org\/wp-content\/uploads\/2016\/12\/static-banner-image-1-1.jpg\" \/>\n\t<meta property=\"og:image:width\" content=\"1920\" \/>\n\t<meta property=\"og:image:height\" content=\"692\" \/>\n\t<meta property=\"og:image:type\" content=\"image\/jpeg\" \/>\n<meta name=\"twitter:card\" content=\"summary_large_image\" \/>\n<meta name=\"twitter:label1\" content=\"Dur\u00e9e de lecture estim\u00e9e\" \/>\n\t<meta name=\"twitter:data1\" content=\"4 minutes\" \/>\n<script type=\"application\/ld+json\" class=\"yoast-schema-graph\">{\"@context\":\"https:\/\/schema.org\",\"@graph\":[{\"@type\":[\"WebPage\",\"AboutPage\"],\"@id\":\"https:\/\/kivuresilience.org\/?page_id=696\",\"url\":\"https:\/\/kivuresilience.org\/?page_id=696\",\"name\":\"KIRE - Kivu R\u00e9silience\",\"isPartOf\":{\"@id\":\"https:\/\/kivuresilience.org\/#website\"},\"primaryImageOfPage\":{\"@id\":\"https:\/\/kivuresilience.org\/?page_id=696#primaryimage\"},\"image\":{\"@id\":\"https:\/\/kivuresilience.org\/?page_id=696#primaryimage\"},\"thumbnailUrl\":\"https:\/\/kivuresilience.org\/wp-content\/uploads\/2016\/12\/static-banner-image-1-1-1024x369.jpg\",\"datePublished\":\"2025-11-07T06:37:29+00:00\",\"dateModified\":\"2025-11-13T01:18:36+00:00\",\"description\":\"KRA est un centre de recherche et d'action interdisciplinaire fond\u00e9 pour renforcer la r\u00e9silience des communaut\u00e9s de l'Est de la R\u00e9publique d\u00e9mocratique du Congo et des Grands Lacs africains.\",\"breadcrumb\":{\"@id\":\"https:\/\/kivuresilience.org\/?page_id=696#breadcrumb\"},\"inLanguage\":\"fr-FR\",\"potentialAction\":[{\"@type\":\"ReadAction\",\"target\":[\"https:\/\/kivuresilience.org\/?page_id=696\"]}]},{\"@type\":\"ImageObject\",\"inLanguage\":\"fr-FR\",\"@id\":\"https:\/\/kivuresilience.org\/?page_id=696#primaryimage\",\"url\":\"https:\/\/kivuresilience.org\/wp-content\/uploads\/2016\/12\/static-banner-image-1-1.jpg\",\"contentUrl\":\"https:\/\/kivuresilience.org\/wp-content\/uploads\/2016\/12\/static-banner-image-1-1.jpg\",\"width\":1920,\"height\":692},{\"@type\":\"BreadcrumbList\",\"@id\":\"https:\/\/kivuresilience.org\/?page_id=696#breadcrumb\",\"itemListElement\":[{\"@type\":\"ListItem\",\"position\":1,\"name\":\"Home\",\"item\":\"https:\/\/kivuresilience.org\/\"},{\"@type\":\"ListItem\",\"position\":2,\"name\":\"KIRE\"}]},{\"@type\":\"WebSite\",\"@id\":\"https:\/\/kivuresilience.org\/#website\",\"url\":\"https:\/\/kivuresilience.org\/\",\"name\":\"Kivu R\u00e9silience\",\"description\":\"Renforcer la r\u00e9silience des communaut\u00e9s du Kivu\",\"publisher\":{\"@id\":\"https:\/\/kivuresilience.org\/#organization\"},\"potentialAction\":[{\"@type\":\"SearchAction\",\"target\":{\"@type\":\"EntryPoint\",\"urlTemplate\":\"https:\/\/kivuresilience.org\/?s={search_term_string}\"},\"query-input\":{\"@type\":\"PropertyValueSpecification\",\"valueRequired\":true,\"valueName\":\"search_term_string\"}}],\"inLanguage\":\"fr-FR\"},{\"@type\":\"Organization\",\"@id\":\"https:\/\/kivuresilience.org\/#organization\",\"name\":\"Kivu R\u00e9silience\",\"url\":\"https:\/\/kivuresilience.org\/\",\"logo\":{\"@type\":\"ImageObject\",\"inLanguage\":\"fr-FR\",\"@id\":\"https:\/\/kivuresilience.org\/#\/schema\/logo\/image\/\",\"url\":\"https:\/\/kivuresilience.org\/wp-content\/uploads\/2025\/11\/cropped-3.-KIRE_TranspMiniature_Final-1-10.png\",\"contentUrl\":\"https:\/\/kivuresilience.org\/wp-content\/uploads\/2025\/11\/cropped-3.-KIRE_TranspMiniature_Final-1-10.png\",\"width\":243,\"height\":48,\"caption\":\"Kivu R\u00e9silience\"},\"image\":{\"@id\":\"https:\/\/kivuresilience.org\/#\/schema\/logo\/image\/\"}}]}<\/script>\n<!-- \/ Yoast SEO plugin. -->","yoast_head_json":{"title":"KIRE - Kivu R\u00e9silience","description":"KRA est un centre de recherche et d'action interdisciplinaire fond\u00e9 pour renforcer la r\u00e9silience des communaut\u00e9s de l'Est de la R\u00e9publique d\u00e9mocratique du Congo et des Grands Lacs africains.","robots":{"index":"index","follow":"follow","max-snippet":"max-snippet:-1","max-image-preview":"max-image-preview:large","max-video-preview":"max-video-preview:-1"},"canonical":"https:\/\/kivuresilience.org\/?page_id=696","og_locale":"fr_FR","og_type":"article","og_title":"KIRE - Kivu R\u00e9silience","og_description":"KRA est un centre de recherche et d'action interdisciplinaire fond\u00e9 pour renforcer la r\u00e9silience des communaut\u00e9s de l'Est de la R\u00e9publique d\u00e9mocratique du Congo et des Grands Lacs africains.","og_url":"https:\/\/kivuresilience.org\/?page_id=696","og_site_name":"Kivu R\u00e9silience","article_modified_time":"2025-11-13T01:18:36+00:00","og_image":[{"width":1920,"height":692,"url":"https:\/\/kivuresilience.org\/wp-content\/uploads\/2016\/12\/static-banner-image-1-1.jpg","type":"image\/jpeg"}],"twitter_card":"summary_large_image","twitter_misc":{"Dur\u00e9e de lecture estim\u00e9e":"4 minutes"},"schema":{"@context":"https:\/\/schema.org","@graph":[{"@type":["WebPage","AboutPage"],"@id":"https:\/\/kivuresilience.org\/?page_id=696","url":"https:\/\/kivuresilience.org\/?page_id=696","name":"KIRE - Kivu R\u00e9silience","isPartOf":{"@id":"https:\/\/kivuresilience.org\/#website"},"primaryImageOfPage":{"@id":"https:\/\/kivuresilience.org\/?page_id=696#primaryimage"},"image":{"@id":"https:\/\/kivuresilience.org\/?page_id=696#primaryimage"},"thumbnailUrl":"https:\/\/kivuresilience.org\/wp-content\/uploads\/2016\/12\/static-banner-image-1-1-1024x369.jpg","datePublished":"2025-11-07T06:37:29+00:00","dateModified":"2025-11-13T01:18:36+00:00","description":"KRA est un centre de recherche et d'action interdisciplinaire fond\u00e9 pour renforcer la r\u00e9silience des communaut\u00e9s de l'Est de la R\u00e9publique d\u00e9mocratique du Congo et des Grands Lacs africains.","breadcrumb":{"@id":"https:\/\/kivuresilience.org\/?page_id=696#breadcrumb"},"inLanguage":"fr-FR","potentialAction":[{"@type":"ReadAction","target":["https:\/\/kivuresilience.org\/?page_id=696"]}]},{"@type":"ImageObject","inLanguage":"fr-FR","@id":"https:\/\/kivuresilience.org\/?page_id=696#primaryimage","url":"https:\/\/kivuresilience.org\/wp-content\/uploads\/2016\/12\/static-banner-image-1-1.jpg","contentUrl":"https:\/\/kivuresilience.org\/wp-content\/uploads\/2016\/12\/static-banner-image-1-1.jpg","width":1920,"height":692},{"@type":"BreadcrumbList","@id":"https:\/\/kivuresilience.org\/?page_id=696#breadcrumb","itemListElement":[{"@type":"ListItem","position":1,"name":"Home","item":"https:\/\/kivuresilience.org\/"},{"@type":"ListItem","position":2,"name":"KIRE"}]},{"@type":"WebSite","@id":"https:\/\/kivuresilience.org\/#website","url":"https:\/\/kivuresilience.org\/","name":"Kivu R\u00e9silience","description":"Renforcer la r\u00e9silience des communaut\u00e9s du Kivu","publisher":{"@id":"https:\/\/kivuresilience.org\/#organization"},"potentialAction":[{"@type":"SearchAction","target":{"@type":"EntryPoint","urlTemplate":"https:\/\/kivuresilience.org\/?s={search_term_string}"},"query-input":{"@type":"PropertyValueSpecification","valueRequired":true,"valueName":"search_term_string"}}],"inLanguage":"fr-FR"},{"@type":"Organization","@id":"https:\/\/kivuresilience.org\/#organization","name":"Kivu R\u00e9silience","url":"https:\/\/kivuresilience.org\/","logo":{"@type":"ImageObject","inLanguage":"fr-FR","@id":"https:\/\/kivuresilience.org\/#\/schema\/logo\/image\/","url":"https:\/\/kivuresilience.org\/wp-content\/uploads\/2025\/11\/cropped-3.-KIRE_TranspMiniature_Final-1-10.png","contentUrl":"https:\/\/kivuresilience.org\/wp-content\/uploads\/2025\/11\/cropped-3.-KIRE_TranspMiniature_Final-1-10.png","width":243,"height":48,"caption":"Kivu R\u00e9silience"},"image":{"@id":"https:\/\/kivuresilience.org\/#\/schema\/logo\/image\/"}}]}},"brizy_media":[],"_links":{"self":[{"href":"https:\/\/kivuresilience.org\/index.php?rest_route=\/wp\/v2\/pages\/696","targetHints":{"allow":["GET"]}}],"collection":[{"href":"https:\/\/kivuresilience.org\/index.php?rest_route=\/wp\/v2\/pages"}],"about":[{"href":"https:\/\/kivuresilience.org\/index.php?rest_route=\/wp\/v2\/types\/page"}],"author":[{"embeddable":true,"href":"https:\/\/kivuresilience.org\/index.php?rest_route=\/wp\/v2\/users\/1"}],"replies":[{"embeddable":true,"href":"https:\/\/kivuresilience.org\/index.php?rest_route=%2Fwp%2Fv2%2Fcomments&post=696"}],"version-history":[{"count":5,"href":"https:\/\/kivuresilience.org\/index.php?rest_route=\/wp\/v2\/pages\/696\/revisions"}],"predecessor-version":[{"id":1077,"href":"https:\/\/kivuresilience.org\/index.php?rest_route=\/wp\/v2\/pages\/696\/revisions\/1077"}],"wp:attachment":[{"href":"https:\/\/kivuresilience.org\/index.php?rest_route=%2Fwp%2Fv2%2Fmedia&parent=696"}],"curies":[{"name":"wp","href":"https:\/\/api.w.org\/{rel}","templated":true}]}}