{"id":809,"date":"2025-11-08T17:35:28","date_gmt":"2025-11-08T15:35:28","guid":{"rendered":"https:\/\/kivuresilience.org\/?page_id=809"},"modified":"2025-11-08T17:35:29","modified_gmt":"2025-11-08T15:35:29","slug":"projets-de-recherche","status":"publish","type":"page","link":"https:\/\/kivuresilience.org\/?page_id=809","title":{"rendered":"Projets de recherche"},"content":{"rendered":"","protected":false},"excerpt":{"rendered":"","protected":false},"author":1,"featured_media":0,"parent":0,"menu_order":0,"comment_status":"closed","ping_status":"closed","template":"","meta":{"footnotes":""},"class_list":["post-809","page","type-page","status-publish","hentry","latest_post"],"yoast_head":"<!-- This site is optimized with the Yoast SEO plugin v26.3 - https:\/\/yoast.com\/wordpress\/plugins\/seo\/ -->\n<title>Projets de recherche - Kivu R\u00e9silience<\/title>\n<meta name=\"robots\" content=\"index, follow, max-snippet:-1, max-image-preview:large, max-video-preview:-1\" \/>\n<link rel=\"canonical\" href=\"https:\/\/kivuresilience.org\/?page_id=809\" \/>\n<meta property=\"og:locale\" content=\"fr_FR\" \/>\n<meta property=\"og:type\" content=\"article\" \/>\n<meta property=\"og:title\" content=\"Projets de recherche - Kivu R\u00e9silience\" \/>\n<meta property=\"og:url\" content=\"https:\/\/kivuresilience.org\/?page_id=809\" \/>\n<meta property=\"og:site_name\" content=\"Kivu R\u00e9silience\" \/>\n<meta property=\"article:modified_time\" content=\"2025-11-08T15:35:29+00:00\" \/>\n<meta name=\"twitter:card\" content=\"summary_large_image\" \/>\n<script type=\"application\/ld+json\" class=\"yoast-schema-graph\">{\"@context\":\"https:\/\/schema.org\",\"@graph\":[{\"@type\":\"WebPage\",\"@id\":\"https:\/\/kivuresilience.org\/?page_id=809\",\"url\":\"https:\/\/kivuresilience.org\/?page_id=809\",\"name\":\"Projets de recherche - Kivu R\u00e9silience\",\"isPartOf\":{\"@id\":\"https:\/\/kivuresilience.org\/#website\"},\"datePublished\":\"2025-11-08T15:35:28+00:00\",\"dateModified\":\"2025-11-08T15:35:29+00:00\",\"breadcrumb\":{\"@id\":\"https:\/\/kivuresilience.org\/?page_id=809#breadcrumb\"},\"inLanguage\":\"fr-FR\",\"potentialAction\":[{\"@type\":\"ReadAction\",\"target\":[\"https:\/\/kivuresilience.org\/?page_id=809\"]}]},{\"@type\":\"BreadcrumbList\",\"@id\":\"https:\/\/kivuresilience.org\/?page_id=809#breadcrumb\",\"itemListElement\":[{\"@type\":\"ListItem\",\"position\":1,\"name\":\"Home\",\"item\":\"https:\/\/kivuresilience.org\/\"},{\"@type\":\"ListItem\",\"position\":2,\"name\":\"Projets de recherche\"}]},{\"@type\":\"WebSite\",\"@id\":\"https:\/\/kivuresilience.org\/#website\",\"url\":\"https:\/\/kivuresilience.org\/\",\"name\":\"Kivu R\u00e9silience\",\"description\":\"Renforcer la r\u00e9silience des communaut\u00e9s du Kivu\",\"publisher\":{\"@id\":\"https:\/\/kivuresilience.org\/#organization\"},\"potentialAction\":[{\"@type\":\"SearchAction\",\"target\":{\"@type\":\"EntryPoint\",\"urlTemplate\":\"https:\/\/kivuresilience.org\/?s={search_term_string}\"},\"query-input\":{\"@type\":\"PropertyValueSpecification\",\"valueRequired\":true,\"valueName\":\"search_term_string\"}}],\"inLanguage\":\"fr-FR\"},{\"@type\":\"Organization\",\"@id\":\"https:\/\/kivuresilience.org\/#organization\",\"name\":\"Kivu R\u00e9silience\",\"url\":\"https:\/\/kivuresilience.org\/\",\"logo\":{\"@type\":\"ImageObject\",\"inLanguage\":\"fr-FR\",\"@id\":\"https:\/\/kivuresilience.org\/#\/schema\/logo\/image\/\",\"url\":\"https:\/\/kivuresilience.org\/wp-content\/uploads\/2025\/11\/cropped-3.-KIRE_TranspMiniature_Final-1-10.png\",\"contentUrl\":\"https:\/\/kivuresilience.org\/wp-content\/uploads\/2025\/11\/cropped-3.-KIRE_TranspMiniature_Final-1-10.png\",\"width\":243,\"height\":48,\"caption\":\"Kivu R\u00e9silience\"},\"image\":{\"@id\":\"https:\/\/kivuresilience.org\/#\/schema\/logo\/image\/\"}}]}<\/script>\n<!-- \/ Yoast SEO plugin. -->","yoast_head_json":{"title":"Projets de recherche - Kivu R\u00e9silience","robots":{"index":"index","follow":"follow","max-snippet":"max-snippet:-1","max-image-preview":"max-image-preview:large","max-video-preview":"max-video-preview:-1"},"canonical":"https:\/\/kivuresilience.org\/?page_id=809","og_locale":"fr_FR","og_type":"article","og_title":"Projets de recherche - Kivu R\u00e9silience","og_url":"https:\/\/kivuresilience.org\/?page_id=809","og_site_name":"Kivu R\u00e9silience","article_modified_time":"2025-11-08T15:35:29+00:00","twitter_card":"summary_large_image","schema":{"@context":"https:\/\/schema.org","@graph":[{"@type":"WebPage","@id":"https:\/\/kivuresilience.org\/?page_id=809","url":"https:\/\/kivuresilience.org\/?page_id=809","name":"Projets de recherche - Kivu R\u00e9silience","isPartOf":{"@id":"https:\/\/kivuresilience.org\/#website"},"datePublished":"2025-11-08T15:35:28+00:00","dateModified":"2025-11-08T15:35:29+00:00","breadcrumb":{"@id":"https:\/\/kivuresilience.org\/?page_id=809#breadcrumb"},"inLanguage":"fr-FR","potentialAction":[{"@type":"ReadAction","target":["https:\/\/kivuresilience.org\/?page_id=809"]}]},{"@type":"BreadcrumbList","@id":"https:\/\/kivuresilience.org\/?page_id=809#breadcrumb","itemListElement":[{"@type":"ListItem","position":1,"name":"Home","item":"https:\/\/kivuresilience.org\/"},{"@type":"ListItem","position":2,"name":"Projets de recherche"}]},{"@type":"WebSite","@id":"https:\/\/kivuresilience.org\/#website","url":"https:\/\/kivuresilience.org\/","name":"Kivu R\u00e9silience","description":"Renforcer la r\u00e9silience des communaut\u00e9s du Kivu","publisher":{"@id":"https:\/\/kivuresilience.org\/#organization"},"potentialAction":[{"@type":"SearchAction","target":{"@type":"EntryPoint","urlTemplate":"https:\/\/kivuresilience.org\/?s={search_term_string}"},"query-input":{"@type":"PropertyValueSpecification","valueRequired":true,"valueName":"search_term_string"}}],"inLanguage":"fr-FR"},{"@type":"Organization","@id":"https:\/\/kivuresilience.org\/#organization","name":"Kivu R\u00e9silience","url":"https:\/\/kivuresilience.org\/","logo":{"@type":"ImageObject","inLanguage":"fr-FR","@id":"https:\/\/kivuresilience.org\/#\/schema\/logo\/image\/","url":"https:\/\/kivuresilience.org\/wp-content\/uploads\/2025\/11\/cropped-3.-KIRE_TranspMiniature_Final-1-10.png","contentUrl":"https:\/\/kivuresilience.org\/wp-content\/uploads\/2025\/11\/cropped-3.-KIRE_TranspMiniature_Final-1-10.png","width":243,"height":48,"caption":"Kivu R\u00e9silience"},"image":{"@id":"https:\/\/kivuresilience.org\/#\/schema\/logo\/image\/"}}]}},"brizy_media":[],"_links":{"self":[{"href":"https:\/\/kivuresilience.org\/index.php?rest_route=\/wp\/v2\/pages\/809","targetHints":{"allow":["GET"]}}],"collection":[{"href":"https:\/\/kivuresilience.org\/index.php?rest_route=\/wp\/v2\/pages"}],"about":[{"href":"https:\/\/kivuresilience.org\/index.php?rest_route=\/wp\/v2\/types\/page"}],"author":[{"embeddable":true,"href":"https:\/\/kivuresilience.org\/index.php?rest_route=\/wp\/v2\/users\/1"}],"replies":[{"embeddable":true,"href":"https:\/\/kivuresilience.org\/index.php?rest_route=%2Fwp%2Fv2%2Fcomments&post=809"}],"version-history":[{"count":1,"href":"https:\/\/kivuresilience.org\/index.php?rest_route=\/wp\/v2\/pages\/809\/revisions"}],"predecessor-version":[{"id":811,"href":"https:\/\/kivuresilience.org\/index.php?rest_route=\/wp\/v2\/pages\/809\/revisions\/811"}],"wp:attachment":[{"href":"https:\/\/kivuresilience.org\/index.php?rest_route=%2Fwp%2Fv2%2Fmedia&parent=809"}],"curies":[{"name":"wp","href":"https:\/\/api.w.org\/{rel}","templated":true}]}}